{"id":7205,"date":"2025-03-17T06:04:51","date_gmt":"2025-03-17T06:04:51","guid":{"rendered":"https:\/\/demo.awaikenthemes.com\/primecare\/?page_id=7205"},"modified":"2025-05-16T08:06:58","modified_gmt":"2025-05-16T08:06:58","slug":"dr-jetmir-sulaj","status":"publish","type":"page","link":"https:\/\/etrusk.al\/it\/dr-jetmir-sulaj\/","title":{"rendered":"Dr. Jetmir Sulaj"},"content":{"rendered":"<div data-elementor-type=\"wp-page\" data-elementor-id=\"7205\" class=\"elementor elementor-7205\">\n\t\t\t\t<div class=\"elementor-element elementor-element-7b70c74 e-flex e-con-boxed e-con e-parent\" data-id=\"7b70c74\" data-element_type=\"container\" data-e-type=\"container\" data-settings=\"{&quot;background_background&quot;:&quot;classic&quot;}\">\n\t\t\t\t\t<div class=\"e-con-inner\">\n\t\t<div class=\"elementor-element elementor-element-ce9c51a e-con-full e-flex e-con e-child\" data-id=\"ce9c51a\" data-element_type=\"container\" data-e-type=\"container\">\n\t\t\t\t<div class=\"elementor-element elementor-element-df391ed at-heading-animation at-animation-heading-style-3 elementor-widget elementor-widget-heading\" data-id=\"df391ed\" data-element_type=\"widget\" data-e-type=\"widget\" data-settings=\"{&quot;ekit_we_effect_on&quot;:&quot;none&quot;}\" data-widget_type=\"heading.default\">\n\t\t\t\t\t<h1 class=\"elementor-heading-title elementor-size-default\">Dr. Jetmir Sulaj<\/h1>\t\t\t\t<\/div>\n\t\t\t\t<div class=\"elementor-element elementor-element-46798aa elementor-invisible elementor-widget elementor-widget-elementskit-breadcrumb\" data-id=\"46798aa\" data-element_type=\"widget\" data-e-type=\"widget\" data-settings=\"{&quot;_animation&quot;:&quot;fadeInUp&quot;,&quot;ekit_we_effect_on&quot;:&quot;none&quot;}\" data-widget_type=\"elementskit-breadcrumb.default\">\n\t\t\t\t<div class=\"elementor-widget-container\">\n\t\t\t\t\t<div class=\"ekit-wid-con\" ><ol class=\"ekit-breadcrumb\"><li class=\"ekit_breadcrumbs_start\"><a href=\"https:\/\/etrusk.al\/it\/\">Home<\/a><\/li> <li class=\"brd_sep\"><span class=\"separate_icon\"><svg xmlns=\"http:\/\/www.w3.org\/2000\/svg\" width=\"5\" height=\"11\" viewbox=\"0 0 5 11\"><path d=\"M-0.000155381 9.97468L1.80704 5.09083L3.61424 0.206976L4.70081 0.284437L1.08641 10.0521L-0.000155381 9.97468Z\" fill=\"white\"><\/path><\/svg><\/span><\/li>  <li>Dr. Jetmir Sulaj<\/li><\/ol><\/div>\t\t\t\t<\/div>\n\t\t\t\t<\/div>\n\t\t\t\t<\/div>\n\t\t\t\t\t<\/div>\n\t\t\t\t<\/div>\n\t\t<div class=\"elementor-element elementor-element-d5ff456 e-flex e-con-boxed e-con e-parent\" data-id=\"d5ff456\" data-element_type=\"container\" data-e-type=\"container\">\n\t\t\t\t\t<div class=\"e-con-inner\">\n\t\t<div class=\"elementor-element elementor-element-e1ddca2 e-con-full e-flex e-con e-child\" data-id=\"e1ddca2\" data-element_type=\"container\" data-e-type=\"container\">\n\t\t<div class=\"elementor-element elementor-element-52084b5 e-con-full e-flex e-con e-child\" data-id=\"52084b5\" data-element_type=\"container\" data-e-type=\"container\">\n\t\t\t\t<div class=\"elementor-element elementor-element-6d3c084 at-heading-animation at-animation-heading-style-3 elementor-widget elementor-widget-heading\" data-id=\"6d3c084\" data-element_type=\"widget\" data-e-type=\"widget\" data-settings=\"{&quot;ekit_we_effect_on&quot;:&quot;none&quot;}\" data-widget_type=\"heading.default\">\n\t\t\t\t\t<h2 class=\"elementor-heading-title elementor-size-default\">Profilo del Dottore <\/h2>\t\t\t\t<\/div>\n\t\t\t\t<div class=\"elementor-element elementor-element-0f153bb elementor-invisible elementor-widget elementor-widget-text-editor\" data-id=\"0f153bb\" data-element_type=\"widget\" data-e-type=\"widget\" data-settings=\"{&quot;_animation&quot;:&quot;fadeInUp&quot;,&quot;ekit_we_effect_on&quot;:&quot;none&quot;}\" data-widget_type=\"text-editor.default\">\n\t\t\t\t\t\t\t\t\t<p>Il Dott. Jetmir Sulaj \u00e8 un dentista di esperienza internazionale, esperto in Parodontologia ed Estetica Dentale. Con una solida formazione accademica e pratica, ha completato gli studi universitari presso l'Universit\u00e0 Bolu Abant \u0130zzet Baysal in Turchia e si \u00e8 successivamente specializzato in Parodontologia presso l'Universit\u00e0 di Aquisgrana, in Germania.<\/p><p>Nel corso della sua carriera, il Dott. Sulaj ha affinato le sue competenze attraverso tirocini in Austria, Germania, Paesi Bassi, Croazia, Bulgaria e Turchia, acquisendo una preziosa esperienza nei trattamenti parodontali pi\u00f9 avanzati. Ha lavorato in Austria e nei Paesi Bassi, applicando i migliori standard europei in ambito di assistenza sanitaria odontoiatrica.<\/p><p class=\"translation-block\">Una parte significativa della sua carriera include cinque anni di lavoro ad Antalya, dove si \u00e8 specializzato in turismo dentale ed estetica dentale. Questa esperienza gli ha permesso di combinare tecnologie moderne con tecniche avanzate per offrire sorrisi splendidi e naturali a pazienti di tutto il mondo.<\/p><p>Con un impegno incrollabile verso la qualit\u00e0 e la cura del paziente, il Dott. Jetmir Sulaj offre trattamenti personalizzati per garantire la salute e l'estetica del tuo sorriso.<\/p><p>Affidatevi alla nostra competenza per un sorriso sano e perfetto!<\/p>\t\t\t\t\t\t\t\t<\/div>\n\t\t\t\t<\/div>\n\t\t\t\t<\/div>\n\t\t<div class=\"elementor-element elementor-element-591246d e-con-full e-flex e-con e-child\" data-id=\"591246d\" data-element_type=\"container\" data-e-type=\"container\">\n\t\t<div class=\"elementor-element elementor-element-5352ea4 e-con-full sticky-column e-flex e-con e-child\" data-id=\"5352ea4\" data-element_type=\"container\" data-e-type=\"container\">\n\t\t<div class=\"elementor-element elementor-element-01f35e3 e-con-full e-flex elementor-invisible e-con e-child\" data-id=\"01f35e3\" data-element_type=\"container\" data-e-type=\"container\" data-settings=\"{&quot;animation&quot;:&quot;fadeInUp&quot;}\">\n\t\t\t\t<div class=\"elementor-element elementor-element-8f462c8 doctor-details-box elementor-widget elementor-widget-elementskit-team\" data-id=\"8f462c8\" data-element_type=\"widget\" data-e-type=\"widget\" data-settings=\"{&quot;ekit_we_effect_on&quot;:&quot;none&quot;}\" data-widget_type=\"elementskit-team.default\">\n\t\t\t\t<div class=\"elementor-widget-container\">\n\t\t\t\t\t<div class=\"ekit-wid-con\">\t\t\t\t\t\t\t\t\n\t\t<div class=\"profile-card elementor-animation- text-center ekit-team-style-default\">\n\t\t\t\n\t\t\t\t<div class=\"profile-header ekit-team-img ekit-img-overlay ekit-team-img-block\" >\n\t\t\t\t\t<img fetchpriority=\"high\" decoding=\"async\" width=\"1200\" height=\"1500\" src=\"https:\/\/etrusk.al\/wp-content\/uploads\/2025\/05\/foto-doc.jpg\" class=\"attachment-full size-full wp-image-9154\" alt=\"\" srcset=\"https:\/\/etrusk.al\/wp-content\/uploads\/2025\/05\/foto-doc.jpg 1200w, https:\/\/etrusk.al\/wp-content\/uploads\/2025\/05\/foto-doc-240x300.jpg 240w, https:\/\/etrusk.al\/wp-content\/uploads\/2025\/05\/foto-doc-819x1024.jpg 819w, https:\/\/etrusk.al\/wp-content\/uploads\/2025\/05\/foto-doc-768x960.jpg 768w\" sizes=\"(max-width: 1200px) 100vw, 1200px\" \/>\t\t\t\t<\/div><!-- .profile-header END -->\n\t\t\t\n\n\t\t\t\t<div class=\"profile-body\">\n\t\t\t\t\t\n\t\t\t\t\t<h2 class=\"profile-title\">\n\t\t\t\t\t\t\t\t\t\t\tDr. Jetmir Sulaj\t\t\t\t\t\t\t\t\t\t<\/h2>\n\t\t\t\t\t<p class=\"profile-designation\">Co-Founder at Etrusk<\/p>\n\t\t\t\t\t\t\t\t\t<\/div><!-- .profile-body END -->\n\n\t\t\t\t\t\t\t\t\t<div class=\"profile-footer\">\n\t\t\t\t\t\t<ul class=\"ekit-team-social-list\">\n\t\t\t<li class=\"elementor-repeater-item-a784ba3\">\n\t\t\t<a href=\"mailto:jetmirsulaj@windowslive.com\" aria-label=\"Mail\">\n\t\t\t\t<i aria-hidden=\"true\" class=\"icon icon-mail\"><\/i>\t\t\t<\/a>\n\t\t<\/li>\n\t<\/ul>\n\t\t\t\t\t<\/div>\n\t\t\t\t\t\t\t\t\t<\/div>\n\t\t\t\t\t\t\t\n\t\t\t\n\t\t\t\t<\/div>\t\t\t\t<\/div>\n\t\t\t\t<\/div>\n\t\t\t\t<\/div>\n\t\t\t\t<\/div>\n\t\t\t\t<\/div>\n\t\t\t\t\t<\/div>\n\t\t\t\t<\/div>\n\t\t<div class=\"elementor-element elementor-element-556b1e5 elementor-hidden-desktop elementor-hidden-tablet e-flex e-con-boxed e-con e-parent\" data-id=\"556b1e5\" data-element_type=\"container\" data-e-type=\"container\">\n\t\t\t\t\t<div class=\"e-con-inner\">\n\t\t<div class=\"elementor-element elementor-element-6876437 e-con-full e-flex e-con e-child\" data-id=\"6876437\" data-element_type=\"container\" data-e-type=\"container\">\n\t\t<div class=\"elementor-element elementor-element-c099ea5 e-con-full e-flex e-con e-child\" data-id=\"c099ea5\" data-element_type=\"container\" data-e-type=\"container\">\n\t\t\t\t<div class=\"elementor-element elementor-element-650f319 section-title at-heading-animation at-animation-heading-none elementor-invisible elementor-widget elementor-widget-heading\" data-id=\"650f319\" data-element_type=\"widget\" data-e-type=\"widget\" data-settings=\"{&quot;_animation&quot;:&quot;fadeInUp&quot;,&quot;ekit_we_effect_on&quot;:&quot;none&quot;}\" data-widget_type=\"heading.default\">\n\t\t\t\t\t<h3 class=\"elementor-heading-title elementor-size-default\">IL TUO DENTISTA DI FIDUCIA<\/h3>\t\t\t\t<\/div>\n\t\t\t\t<div class=\"elementor-element elementor-element-2182ef2 at-heading-animation at-animation-heading-style-3 elementor-widget elementor-widget-heading\" data-id=\"2182ef2\" data-element_type=\"widget\" data-e-type=\"widget\" data-settings=\"{&quot;ekit_we_effect_on&quot;:&quot;none&quot;}\" data-widget_type=\"heading.default\">\n\t\t\t\t\t<h2 class=\"elementor-heading-title elementor-size-default\">Incontra il Dottore.<\/h2>\t\t\t\t<\/div>\n\t\t\t\t<\/div>\n\t\t<div class=\"elementor-element elementor-element-d6deea5 e-con-full e-flex e-con e-child\" data-id=\"d6deea5\" data-element_type=\"container\" data-e-type=\"container\">\n\t\t\t\t<div class=\"elementor-element elementor-element-c2deb51 elementor-widget elementor-widget-video\" data-id=\"c2deb51\" data-element_type=\"widget\" data-e-type=\"widget\" data-settings=\"{&quot;video_type&quot;:&quot;hosted&quot;,&quot;show_image_overlay&quot;:&quot;yes&quot;,&quot;image_overlay&quot;:{&quot;url&quot;:&quot;https:\\\/\\\/etrusk.al\\\/wp-content\\\/uploads\\\/2025\\\/05\\\/foto-doc.jpg&quot;,&quot;id&quot;:9154,&quot;size&quot;:&quot;&quot;,&quot;alt&quot;:&quot;&quot;,&quot;source&quot;:&quot;library&quot;},&quot;controls&quot;:&quot;yes&quot;,&quot;ekit_we_effect_on&quot;:&quot;none&quot;}\" data-widget_type=\"video.default\">\n\t\t\t\t\t\t\t<div class=\"e-hosted-video elementor-wrapper elementor-open-inline\">\n\t\t\t\t\t<video class=\"elementor-video\" src=\"https:\/\/etrusk.al\/wp-content\/uploads\/2025\/05\/Video-Doctor.mp4\" controls=\"\" preload=\"metadata\" controlslist=\"nodownload\" poster=\"https:\/\/etrusk.al\/wp-content\/uploads\/2025\/05\/foto-doc.jpg\"><\/video>\n\t\t\t\t\t\t<div class=\"elementor-custom-embed-image-overlay\" style=\"background-image: url(https:\/\/etrusk.al\/wp-content\/uploads\/2025\/05\/foto-doc.jpg);\">\n\t\t\t\t\t\t\t\t\t\t\t\t\t\t\t\t<div class=\"elementor-custom-embed-play\" role=\"button\" aria-label=\"Play Video\" tabindex=\"0\">\n\t\t\t\t\t\t\t<i aria-hidden=\"true\" class=\"fas fa-play\"><\/i>\t\t\t\t\t\t<\/div>\n\t\t\t\t\t\t\t\t\t<\/div>\n\t\t\t\t\t<\/div>\n\t\t\t\t\t\t<\/div>\n\t\t\t\t<\/div>\n\t\t\t\t<\/div>\n\t\t\t\t\t<\/div>\n\t\t\t\t<\/div>\n\t\t<div class=\"elementor-element elementor-element-4a2d0a2 elementor-hidden-mobile e-flex e-con-boxed e-con e-parent\" data-id=\"4a2d0a2\" data-element_type=\"container\" data-e-type=\"container\">\n\t\t\t\t\t<div class=\"e-con-inner\">\n\t\t<div class=\"elementor-element elementor-element-8269088 e-con-full e-flex e-con e-child\" data-id=\"8269088\" data-element_type=\"container\" data-e-type=\"container\">\n\t\t\t\t<div class=\"elementor-element elementor-element-043d4c1 section-title at-heading-animation at-animation-heading-none elementor-invisible elementor-widget elementor-widget-heading\" data-id=\"043d4c1\" data-element_type=\"widget\" data-e-type=\"widget\" data-settings=\"{&quot;_animation&quot;:&quot;fadeInUp&quot;,&quot;ekit_we_effect_on&quot;:&quot;none&quot;}\" data-widget_type=\"heading.default\">\n\t\t\t\t\t<h3 class=\"elementor-heading-title elementor-size-default\">IL TUO DENTISTA DI FIDUCIA<\/h3>\t\t\t\t<\/div>\n\t\t\t\t<div class=\"elementor-element elementor-element-745e21e at-heading-animation at-animation-heading-style-3 elementor-widget elementor-widget-heading\" data-id=\"745e21e\" data-element_type=\"widget\" data-e-type=\"widget\" data-settings=\"{&quot;ekit_we_effect_on&quot;:&quot;none&quot;}\" data-widget_type=\"heading.default\">\n\t\t\t\t\t<h2 class=\"elementor-heading-title elementor-size-default\">Incontra il Dottore.<\/h2>\t\t\t\t<\/div>\n\t\t\t\t<\/div>\n\t\t\t\t\t<\/div>\n\t\t\t\t<\/div>\n\t\t<div class=\"elementor-element elementor-element-ca42b76 elementor-hidden-mobile e-flex e-con-boxed e-con e-parent\" data-id=\"ca42b76\" data-element_type=\"container\" data-e-type=\"container\">\n\t\t\t\t\t<div class=\"e-con-inner\">\n\t\t\t\t<div class=\"elementor-element elementor-element-57d9931 elementor-widget elementor-widget-video\" data-id=\"57d9931\" data-element_type=\"widget\" data-e-type=\"widget\" data-settings=\"{&quot;video_type&quot;:&quot;hosted&quot;,&quot;show_image_overlay&quot;:&quot;yes&quot;,&quot;image_overlay&quot;:{&quot;url&quot;:&quot;https:\\\/\\\/etrusk.al\\\/wp-content\\\/uploads\\\/2025\\\/05\\\/foto-doc.jpg&quot;,&quot;id&quot;:9154,&quot;size&quot;:&quot;&quot;,&quot;alt&quot;:&quot;&quot;,&quot;source&quot;:&quot;library&quot;},&quot;lightbox&quot;:&quot;yes&quot;,&quot;controls&quot;:&quot;yes&quot;,&quot;ekit_we_effect_on&quot;:&quot;none&quot;}\" data-widget_type=\"video.default\">\n\t\t\t\t\t\t\t<div class=\"e-hosted-video elementor-wrapper elementor-open-lightbox\">\n\t\t\t\t\t\t\t<div class=\"elementor-custom-embed-image-overlay\" data-elementor-open-lightbox=\"yes\" data-elementor-lightbox=\"{&quot;type&quot;:&quot;video&quot;,&quot;videoType&quot;:&quot;hosted&quot;,&quot;url&quot;:&quot;https:\\\/\\\/etrusk.al\\\/wp-content\\\/uploads\\\/2025\\\/05\\\/Untitled-design.mp4&quot;,&quot;autoplay&quot;:&quot;&quot;,&quot;modalOptions&quot;:{&quot;id&quot;:&quot;elementor-lightbox-57d9931&quot;,&quot;entranceAnimation&quot;:&quot;&quot;,&quot;entranceAnimation_tablet&quot;:&quot;&quot;,&quot;entranceAnimation_mobile&quot;:&quot;&quot;,&quot;videoAspectRatio&quot;:&quot;11&quot;},&quot;videoParams&quot;:{&quot;controls&quot;:&quot;&quot;,&quot;preload&quot;:&quot;metadata&quot;,&quot;controlsList&quot;:&quot;nodownload&quot;,&quot;poster&quot;:&quot;https:\\\/\\\/etrusk.al\\\/wp-content\\\/uploads\\\/2025\\\/05\\\/foto-doc.jpg&quot;}}\" data-e-action-hash=\"#elementor-action%3Aaction%3Dlightbox%26settings%3DeyJ0eXBlIjoidmlkZW8iLCJ2aWRlb1R5cGUiOiJob3N0ZWQiLCJ1cmwiOiJodHRwczpcL1wvZXRydXNrLmFsXC93cC1jb250ZW50XC91cGxvYWRzXC8yMDI1XC8wNVwvVW50aXRsZWQtZGVzaWduLm1wNCIsImF1dG9wbGF5IjoiIiwibW9kYWxPcHRpb25zIjp7ImlkIjoiZWxlbWVudG9yLWxpZ2h0Ym94LTU3ZDk5MzEiLCJlbnRyYW5jZUFuaW1hdGlvbiI6IiIsImVudHJhbmNlQW5pbWF0aW9uX3RhYmxldCI6IiIsImVudHJhbmNlQW5pbWF0aW9uX21vYmlsZSI6IiIsInZpZGVvQXNwZWN0UmF0aW8iOiIxMSJ9LCJ2aWRlb1BhcmFtcyI6eyJjb250cm9scyI6IiIsInByZWxvYWQiOiJtZXRhZGF0YSIsImNvbnRyb2xzTGlzdCI6Im5vZG93bmxvYWQiLCJwb3N0ZXIiOiJodHRwczpcL1wvZXRydXNrLmFsXC93cC1jb250ZW50XC91cGxvYWRzXC8yMDI1XC8wNVwvZm90by1kb2MuanBnIn19\">\n\t\t\t\t\t\t\t\t\t\t\t<img fetchpriority=\"high\" decoding=\"async\" width=\"1200\" height=\"1500\" src=\"https:\/\/etrusk.al\/wp-content\/uploads\/2025\/05\/foto-doc.jpg\" class=\"attachment-full size-full wp-image-9154\" alt=\"\" srcset=\"https:\/\/etrusk.al\/wp-content\/uploads\/2025\/05\/foto-doc.jpg 1200w, https:\/\/etrusk.al\/wp-content\/uploads\/2025\/05\/foto-doc-240x300.jpg 240w, https:\/\/etrusk.al\/wp-content\/uploads\/2025\/05\/foto-doc-819x1024.jpg 819w, https:\/\/etrusk.al\/wp-content\/uploads\/2025\/05\/foto-doc-768x960.jpg 768w\" sizes=\"(max-width: 1200px) 100vw, 1200px\" \/>\t\t\t\t\t\t\t\t\t\t\t\t\t\t\t\t<div class=\"elementor-custom-embed-play\" role=\"button\" aria-label=\"Play Video\" tabindex=\"0\">\n\t\t\t\t\t\t\t<i aria-hidden=\"true\" class=\"fas fa-play\"><\/i>\t\t\t\t\t\t<\/div>\n\t\t\t\t\t\t\t\t\t<\/div>\n\t\t\t\t\t<\/div>\n\t\t\t\t\t\t<\/div>\n\t\t\t\t\t<\/div>\n\t\t\t\t<\/div>\n\t\t\t\t<\/div>","protected":false},"excerpt":{"rendered":"<p>Dr. Jetmir Sulaj Home Doctor Profile Dr. Jetmir Sulaj is an internationally experienced dentist and [&hellip;]<\/p>\n","protected":false},"author":1,"featured_media":0,"parent":0,"menu_order":0,"comment_status":"closed","ping_status":"closed","template":"elementor_header_footer","meta":{"footnotes":""},"class_list":["post-7205","page","type-page","status-publish","hentry"],"yoast_head":"<!-- This site is optimized with the Yoast SEO plugin v27.4 - https:\/\/yoast.com\/product\/yoast-seo-wordpress\/ -->\n<title>Dr. Jetmir Sulaj - Etrusk - Dental Clinic<\/title>\n<meta name=\"description\" content=\"%dental tourism\" \/>\n<meta name=\"robots\" content=\"index, follow, max-snippet:-1, max-image-preview:large, max-video-preview:-1\" \/>\n<link rel=\"canonical\" href=\"https:\/\/etrusk.al\/it\/dr-jetmir-sulaj\/\" \/>\n<meta property=\"og:locale\" content=\"it_IT\" \/>\n<meta property=\"og:type\" content=\"article\" \/>\n<meta property=\"og:title\" content=\"Dr. Jetmir Sulaj - Etrusk - Dental Clinic\" \/>\n<meta property=\"og:description\" content=\"%dental tourism\" \/>\n<meta property=\"og:url\" content=\"https:\/\/etrusk.al\/it\/dr-jetmir-sulaj\/\" \/>\n<meta property=\"og:site_name\" content=\"Etrusk - Dental Clinic\" \/>\n<meta property=\"article:publisher\" content=\"https:\/\/www.linkedin.com\/in\/etrusk-dental-clinic-18188735b?utm_source=share&amp;utm_campaign=share_via&amp;utm_content=profile&amp;utm_medium=android_app\" \/>\n<meta property=\"article:modified_time\" content=\"2025-05-16T08:06:58+00:00\" \/>\n<meta property=\"og:image\" content=\"https:\/\/etrusk.al\/wp-content\/uploads\/2025\/05\/foto-doc.jpg\" \/>\n\t<meta property=\"og:image:width\" content=\"1200\" \/>\n\t<meta property=\"og:image:height\" content=\"1500\" \/>\n\t<meta property=\"og:image:type\" content=\"image\/jpeg\" \/>\n<meta name=\"twitter:card\" content=\"summary_large_image\" \/>\n<meta name=\"twitter:label1\" content=\"Tempo di lettura stimato\" \/>\n\t<meta name=\"twitter:data1\" content=\"1 minuto\" \/>\n<script type=\"application\/ld+json\" class=\"yoast-schema-graph\">{\"@context\":\"https:\\\/\\\/schema.org\",\"@graph\":[{\"@type\":\"WebPage\",\"@id\":\"https:\\\/\\\/etrusk.al\\\/dr-jetmir-sulaj\\\/\",\"url\":\"https:\\\/\\\/etrusk.al\\\/dr-jetmir-sulaj\\\/\",\"name\":\"Dr. Jetmir Sulaj - Etrusk - Dental Clinic\",\"isPartOf\":{\"@id\":\"https:\\\/\\\/etrusk.al\\\/#website\"},\"primaryImageOfPage\":{\"@id\":\"https:\\\/\\\/etrusk.al\\\/dr-jetmir-sulaj\\\/#primaryimage\"},\"image\":{\"@id\":\"https:\\\/\\\/etrusk.al\\\/dr-jetmir-sulaj\\\/#primaryimage\"},\"thumbnailUrl\":\"https:\\\/\\\/etrusk.al\\\/wp-content\\\/uploads\\\/2025\\\/05\\\/foto-doc.jpg\",\"datePublished\":\"2025-03-17T06:04:51+00:00\",\"dateModified\":\"2025-05-16T08:06:58+00:00\",\"description\":\"%dental tourism\",\"breadcrumb\":{\"@id\":\"https:\\\/\\\/etrusk.al\\\/dr-jetmir-sulaj\\\/#breadcrumb\"},\"inLanguage\":\"it-IT\",\"potentialAction\":[{\"@type\":\"ReadAction\",\"target\":[\"https:\\\/\\\/etrusk.al\\\/dr-jetmir-sulaj\\\/\"]}]},{\"@type\":\"ImageObject\",\"inLanguage\":\"it-IT\",\"@id\":\"https:\\\/\\\/etrusk.al\\\/dr-jetmir-sulaj\\\/#primaryimage\",\"url\":\"https:\\\/\\\/etrusk.al\\\/wp-content\\\/uploads\\\/2025\\\/05\\\/foto-doc.jpg\",\"contentUrl\":\"https:\\\/\\\/etrusk.al\\\/wp-content\\\/uploads\\\/2025\\\/05\\\/foto-doc.jpg\"},{\"@type\":\"BreadcrumbList\",\"@id\":\"https:\\\/\\\/etrusk.al\\\/dr-jetmir-sulaj\\\/#breadcrumb\",\"itemListElement\":[{\"@type\":\"ListItem\",\"position\":1,\"name\":\"Home\",\"item\":\"https:\\\/\\\/etrusk.al\\\/\"},{\"@type\":\"ListItem\",\"position\":2,\"name\":\"Dr. Jetmir Sulaj\"}]},{\"@type\":\"WebSite\",\"@id\":\"https:\\\/\\\/etrusk.al\\\/#website\",\"url\":\"https:\\\/\\\/etrusk.al\\\/\",\"name\":\"Etrusk - Dental Clinic\",\"description\":\"Dentist &amp; Dental Clinic\",\"publisher\":{\"@id\":\"https:\\\/\\\/etrusk.al\\\/#organization\"},\"alternateName\":\"Dental Clinic in Albania\",\"potentialAction\":[{\"@type\":\"SearchAction\",\"target\":{\"@type\":\"EntryPoint\",\"urlTemplate\":\"https:\\\/\\\/etrusk.al\\\/?s={search_term_string}\"},\"query-input\":{\"@type\":\"PropertyValueSpecification\",\"valueRequired\":true,\"valueName\":\"search_term_string\"}}],\"inLanguage\":\"it-IT\"},{\"@type\":\"Organization\",\"@id\":\"https:\\\/\\\/etrusk.al\\\/#organization\",\"name\":\"Etrusk - Dental Clinic in Albania\",\"alternateName\":\"Dental Tourism in Albania\",\"url\":\"https:\\\/\\\/etrusk.al\\\/\",\"logo\":{\"@type\":\"ImageObject\",\"inLanguage\":\"it-IT\",\"@id\":\"https:\\\/\\\/etrusk.al\\\/#\\\/schema\\\/logo\\\/image\\\/\",\"url\":\"https:\\\/\\\/etrusk.al\\\/wp-content\\\/uploads\\\/2025\\\/08\\\/Etrusk.svg\",\"contentUrl\":\"https:\\\/\\\/etrusk.al\\\/wp-content\\\/uploads\\\/2025\\\/08\\\/Etrusk.svg\",\"width\":180,\"height\":40,\"caption\":\"Etrusk - Dental Clinic in Albania\"},\"image\":{\"@id\":\"https:\\\/\\\/etrusk.al\\\/#\\\/schema\\\/logo\\\/image\\\/\"},\"sameAs\":[\"https:\\\/\\\/www.linkedin.com\\\/in\\\/etrusk-dental-clinic-18188735b?utm_source=share&utm_campaign=share_via&utm_content=profile&utm_medium=android_app\",\"https:\\\/\\\/www.instagram.com\\\/etruskdental\\\/?igsh=MWRsYzh4c2VucXZoeQ#\"]}]}<\/script>\n<!-- \/ Yoast SEO plugin. -->","yoast_head_json":{"title":"Dr. Jetmir Sulaj - Etrusk - Dental Clinic","description":"%dental tourism","robots":{"index":"index","follow":"follow","max-snippet":"max-snippet:-1","max-image-preview":"max-image-preview:large","max-video-preview":"max-video-preview:-1"},"canonical":"https:\/\/etrusk.al\/it\/dr-jetmir-sulaj\/","og_locale":"it_IT","og_type":"article","og_title":"Dr. Jetmir Sulaj - Etrusk - Dental Clinic","og_description":"%dental tourism","og_url":"https:\/\/etrusk.al\/it\/dr-jetmir-sulaj\/","og_site_name":"Etrusk - Dental Clinic","article_publisher":"https:\/\/www.linkedin.com\/in\/etrusk-dental-clinic-18188735b?utm_source=share&utm_campaign=share_via&utm_content=profile&utm_medium=android_app","article_modified_time":"2025-05-16T08:06:58+00:00","og_image":[{"width":1200,"height":1500,"url":"https:\/\/etrusk.al\/wp-content\/uploads\/2025\/05\/foto-doc.jpg","type":"image\/jpeg"}],"twitter_card":"summary_large_image","twitter_misc":{"Tempo di lettura stimato":"1 minuto"},"schema":{"@context":"https:\/\/schema.org","@graph":[{"@type":"WebPage","@id":"https:\/\/etrusk.al\/dr-jetmir-sulaj\/","url":"https:\/\/etrusk.al\/dr-jetmir-sulaj\/","name":"Dr. Jetmir Sulaj - Etrusk - Dental Clinic","isPartOf":{"@id":"https:\/\/etrusk.al\/#website"},"primaryImageOfPage":{"@id":"https:\/\/etrusk.al\/dr-jetmir-sulaj\/#primaryimage"},"image":{"@id":"https:\/\/etrusk.al\/dr-jetmir-sulaj\/#primaryimage"},"thumbnailUrl":"https:\/\/etrusk.al\/wp-content\/uploads\/2025\/05\/foto-doc.jpg","datePublished":"2025-03-17T06:04:51+00:00","dateModified":"2025-05-16T08:06:58+00:00","description":"%dental tourism","breadcrumb":{"@id":"https:\/\/etrusk.al\/dr-jetmir-sulaj\/#breadcrumb"},"inLanguage":"it-IT","potentialAction":[{"@type":"ReadAction","target":["https:\/\/etrusk.al\/dr-jetmir-sulaj\/"]}]},{"@type":"ImageObject","inLanguage":"it-IT","@id":"https:\/\/etrusk.al\/dr-jetmir-sulaj\/#primaryimage","url":"https:\/\/etrusk.al\/wp-content\/uploads\/2025\/05\/foto-doc.jpg","contentUrl":"https:\/\/etrusk.al\/wp-content\/uploads\/2025\/05\/foto-doc.jpg"},{"@type":"BreadcrumbList","@id":"https:\/\/etrusk.al\/dr-jetmir-sulaj\/#breadcrumb","itemListElement":[{"@type":"ListItem","position":1,"name":"Home","item":"https:\/\/etrusk.al\/"},{"@type":"ListItem","position":2,"name":"Dr. Jetmir Sulaj"}]},{"@type":"WebSite","@id":"https:\/\/etrusk.al\/#website","url":"https:\/\/etrusk.al\/","name":"Etrusk - Dental Clinic","description":"Dentist &amp; Dental Clinic","publisher":{"@id":"https:\/\/etrusk.al\/#organization"},"alternateName":"Dental Clinic in Albania","potentialAction":[{"@type":"SearchAction","target":{"@type":"EntryPoint","urlTemplate":"https:\/\/etrusk.al\/?s={search_term_string}"},"query-input":{"@type":"PropertyValueSpecification","valueRequired":true,"valueName":"search_term_string"}}],"inLanguage":"it-IT"},{"@type":"Organization","@id":"https:\/\/etrusk.al\/#organization","name":"Etrusk - Dental Clinic in Albania","alternateName":"Dental Tourism in Albania","url":"https:\/\/etrusk.al\/","logo":{"@type":"ImageObject","inLanguage":"it-IT","@id":"https:\/\/etrusk.al\/#\/schema\/logo\/image\/","url":"https:\/\/etrusk.al\/wp-content\/uploads\/2025\/08\/Etrusk.svg","contentUrl":"https:\/\/etrusk.al\/wp-content\/uploads\/2025\/08\/Etrusk.svg","width":180,"height":40,"caption":"Etrusk - Dental Clinic in Albania"},"image":{"@id":"https:\/\/etrusk.al\/#\/schema\/logo\/image\/"},"sameAs":["https:\/\/www.linkedin.com\/in\/etrusk-dental-clinic-18188735b?utm_source=share&utm_campaign=share_via&utm_content=profile&utm_medium=android_app","https:\/\/www.instagram.com\/etruskdental\/?igsh=MWRsYzh4c2VucXZoeQ#"]}]}},"_links":{"self":[{"href":"https:\/\/etrusk.al\/it\/wp-json\/wp\/v2\/pages\/7205","targetHints":{"allow":["GET"]}}],"collection":[{"href":"https:\/\/etrusk.al\/it\/wp-json\/wp\/v2\/pages"}],"about":[{"href":"https:\/\/etrusk.al\/it\/wp-json\/wp\/v2\/types\/page"}],"author":[{"embeddable":true,"href":"https:\/\/etrusk.al\/it\/wp-json\/wp\/v2\/users\/1"}],"replies":[{"embeddable":true,"href":"https:\/\/etrusk.al\/it\/wp-json\/wp\/v2\/comments?post=7205"}],"version-history":[{"count":45,"href":"https:\/\/etrusk.al\/it\/wp-json\/wp\/v2\/pages\/7205\/revisions"}],"predecessor-version":[{"id":9555,"href":"https:\/\/etrusk.al\/it\/wp-json\/wp\/v2\/pages\/7205\/revisions\/9555"}],"wp:attachment":[{"href":"https:\/\/etrusk.al\/it\/wp-json\/wp\/v2\/media?parent=7205"}],"curies":[{"name":"wp","href":"https:\/\/api.w.org\/{rel}","templated":true}]}}